{"id":3,"date":"2025-04-14T21:00:12","date_gmt":"2025-04-14T21:00:12","guid":{"rendered":"https:\/\/resolveinfo.com.br\/?page_id=3"},"modified":"2025-07-08T10:51:11","modified_gmt":"2025-07-08T10:51:11","slug":"privacy-policy","status":"publish","type":"page","link":"https:\/\/resolveinfo.com.br\/?page_id=3","title":{"rendered":"AVISO DE PRIVACIDADE DA RESOLVE"},"content":{"rendered":"\n<p>A Resolve Inform\u00e1tica tem o compromisso com a transpar\u00eancia, a privacidade e a seguran\u00e7a dos dados de titulares durante todo o ciclo de tratamento dos dados pessoais.<\/p>\n\n\n\n<p>Para que entendam melhor quais informa\u00e7\u00f5es tratamos, detalhamos a seguir o nosso Aviso de Privacidade.<\/p>\n\n\n\n<h2 class=\"wp-block-heading\"><strong>Que tipo de informa\u00e7\u00f5es pessoais e com qual finalidade coletamos e as utilizamos?<\/strong><\/h2>\n\n\n\n<p>Enquanto agente controlador, tratamos dados pessoais de nossos funcion\u00e1rios para cumprimento de exig\u00eancias legais e execu\u00e7\u00e3o do contrato de trabalho.<\/p>\n\n\n\n<p>Enquanto agente operador tratamos dados pessoais de clientes que utilizam nossos softwares e servi\u00e7os. Esse tratamento se faz necess\u00e1rio para a execu\u00e7\u00e3o do contrato de presta\u00e7\u00e3o de servi\u00e7os de fornecimento de software e servi\u00e7os que temos junto aos nossos clientes.<\/p>\n\n\n\n<h2 class=\"wp-block-heading\"><strong>Como protegemos os seus dados?<\/strong><\/h2>\n\n\n\n<p>Mapeamos os processos que tratam dados pessoais e elencamos os potenciais riscos \u00e0 Privacidade e Prote\u00e7\u00e3o de Dados, buscando continuamente a mitiga\u00e7\u00e3o dos riscos atrav\u00e9s de treinamento e da ado\u00e7\u00e3o de medidas t\u00e9cnicas e organizacionais aplicadas aos nossos processos e sistemas de informa\u00e7\u00e3o. Tamb\u00e9m avaliamos constantemente melhorias em nossos softwares que propiciem um elevado n\u00edvel de seguran\u00e7a \u00e0 Privacidade e Prote\u00e7\u00e3o de Dados.<\/p>\n\n\n\n<h2 class=\"wp-block-heading\"><strong>Com quem compartilhamos seus dados?<\/strong><\/h2>\n\n\n\n<p>Os dados de funcion\u00e1rios s\u00e3o compartilhados com as institui\u00e7\u00f5es do governo Federal, governo estadual e municipal do Rio de Janeiro para atender \u00e0 exig\u00eancias legais, como por exemplo, para o Minist\u00e9rio do Trabalho e Receita Federal.<\/p>\n\n\n\n<p>Os dados de clientes ou obtidos por esses n\u00e3o s\u00e3o compartilhados com terceiros em nenhuma hip\u00f3tese.<\/p>\n\n\n\n<h2 class=\"wp-block-heading\"><strong>Durante quanto tempo armazenamos seus dados pessoais?<\/strong><\/h2>\n\n\n\n<p>Seus dados pessoais ficam armazenados enquanto durar a necessidade de cumprimento das obriga\u00e7\u00f5es legais ou de realiza\u00e7\u00e3o da presta\u00e7\u00e3o de servi\u00e7o contratada por nossos clientes. Mantemos tabela de temporalidade de todos dados que tratamos.<\/p>\n\n\n\n<h2 class=\"wp-block-heading\"><strong>RESPONS\u00c1VEL PELA PROTE\u00c7\u00c3O DE DADOS (DPO)<\/strong><\/h2>\n\n\n\n<p>Nosso respons\u00e1vel pela prote\u00e7\u00e3o de dados pode ser contatado conforme abaixo:<br><br>Resolve Consultoria e Desenvolvimento em Inform\u00e1tica Ltda.<br><br>E-mail: lgpd@resolveinfo.com.br | Telefone: +55 21 3900-9292<\/p>\n","protected":false},"excerpt":{"rendered":"<p>A Resolve Inform\u00e1tica tem o compromisso com a transpar\u00eancia, a privacidade e a seguran\u00e7a dos dados de titulares durante todo o ciclo de tratamento dos dados pessoais. Para que entendam melhor quais informa\u00e7\u00f5es tratamos, detalhamos a seguir o nosso Aviso de Privacidade. Que tipo de informa\u00e7\u00f5es pessoais e com qual finalidade coletamos e as utilizamos? [&hellip;]<\/p>\n","protected":false},"author":1,"featured_media":0,"parent":0,"menu_order":0,"comment_status":"closed","ping_status":"open","template":"","meta":{"_et_pb_use_builder":"","_et_pb_old_content":"","_et_gb_content_width":"","footnotes":""},"class_list":["post-3","page","type-page","status-publish","hentry"],"yoast_head":"<!-- This site is optimized with the Yoast SEO plugin v25.4 - https:\/\/yoast.com\/wordpress\/plugins\/seo\/ -->\n<title>AVISO DE PRIVACIDADE DA RESOLVE - Resolve Inform\u00e1tica<\/title>\n<meta name=\"robots\" content=\"index, follow, max-snippet:-1, max-image-preview:large, max-video-preview:-1\" \/>\n<link rel=\"canonical\" href=\"https:\/\/resolveinfo.com.br\/?page_id=3\" \/>\n<meta property=\"og:locale\" content=\"pt_BR\" \/>\n<meta property=\"og:type\" content=\"article\" \/>\n<meta property=\"og:title\" content=\"AVISO DE PRIVACIDADE DA RESOLVE - Resolve Inform\u00e1tica\" \/>\n<meta property=\"og:description\" content=\"A Resolve Inform\u00e1tica tem o compromisso com a transpar\u00eancia, a privacidade e a seguran\u00e7a dos dados de titulares durante todo o ciclo de tratamento dos dados pessoais. Para que entendam melhor quais informa\u00e7\u00f5es tratamos, detalhamos a seguir o nosso Aviso de Privacidade. Que tipo de informa\u00e7\u00f5es pessoais e com qual finalidade coletamos e as utilizamos? [&hellip;]\" \/>\n<meta property=\"og:url\" content=\"https:\/\/resolveinfo.com.br\/?page_id=3\" \/>\n<meta property=\"og:site_name\" content=\"Resolve Inform\u00e1tica\" \/>\n<meta property=\"article:modified_time\" content=\"2025-07-08T10:51:11+00:00\" \/>\n<meta property=\"og:image\" content=\"https:\/\/resolveinfo.com.br\/wp-content\/uploads\/2025\/12\/Resolve_Linkedin_Cover-1200x600-1.png\" \/>\n\t<meta property=\"og:image:width\" content=\"1600\" \/>\n\t<meta property=\"og:image:height\" content=\"800\" \/>\n\t<meta property=\"og:image:type\" content=\"image\/png\" \/>\n<meta name=\"twitter:card\" content=\"summary_large_image\" \/>\n<meta name=\"twitter:label1\" content=\"Est. tempo de leitura\" \/>\n\t<meta name=\"twitter:data1\" content=\"2 minutos\" \/>\n<script type=\"application\/ld+json\" class=\"yoast-schema-graph\">{\"@context\":\"https:\/\/schema.org\",\"@graph\":[{\"@type\":\"WebPage\",\"@id\":\"https:\/\/resolveinfo.com.br\/?page_id=3\",\"url\":\"https:\/\/resolveinfo.com.br\/?page_id=3\",\"name\":\"AVISO DE PRIVACIDADE DA RESOLVE - Resolve Inform\u00e1tica\",\"isPartOf\":{\"@id\":\"https:\/\/resolveinfo.com.br\/#website\"},\"datePublished\":\"2025-04-14T21:00:12+00:00\",\"dateModified\":\"2025-07-08T10:51:11+00:00\",\"breadcrumb\":{\"@id\":\"https:\/\/resolveinfo.com.br\/?page_id=3#breadcrumb\"},\"inLanguage\":\"pt-BR\",\"potentialAction\":[{\"@type\":\"ReadAction\",\"target\":[\"https:\/\/resolveinfo.com.br\/?page_id=3\"]}]},{\"@type\":\"BreadcrumbList\",\"@id\":\"https:\/\/resolveinfo.com.br\/?page_id=3#breadcrumb\",\"itemListElement\":[{\"@type\":\"ListItem\",\"position\":1,\"name\":\"In\u00edcio\",\"item\":\"https:\/\/resolveinfo.com.br\/\"},{\"@type\":\"ListItem\",\"position\":2,\"name\":\"AVISO DE PRIVACIDADE DA RESOLVE\"}]},{\"@type\":\"WebSite\",\"@id\":\"https:\/\/resolveinfo.com.br\/#website\",\"url\":\"https:\/\/resolveinfo.com.br\/\",\"name\":\"Resolve Inform\u00e1tica\",\"description\":\"\",\"potentialAction\":[{\"@type\":\"SearchAction\",\"target\":{\"@type\":\"EntryPoint\",\"urlTemplate\":\"https:\/\/resolveinfo.com.br\/?s={search_term_string}\"},\"query-input\":{\"@type\":\"PropertyValueSpecification\",\"valueRequired\":true,\"valueName\":\"search_term_string\"}}],\"inLanguage\":\"pt-BR\"}]}<\/script>\n<!-- \/ Yoast SEO plugin. -->","yoast_head_json":{"title":"AVISO DE PRIVACIDADE DA RESOLVE - Resolve Inform\u00e1tica","robots":{"index":"index","follow":"follow","max-snippet":"max-snippet:-1","max-image-preview":"max-image-preview:large","max-video-preview":"max-video-preview:-1"},"canonical":"https:\/\/resolveinfo.com.br\/?page_id=3","og_locale":"pt_BR","og_type":"article","og_title":"AVISO DE PRIVACIDADE DA RESOLVE - Resolve Inform\u00e1tica","og_description":"A Resolve Inform\u00e1tica tem o compromisso com a transpar\u00eancia, a privacidade e a seguran\u00e7a dos dados de titulares durante todo o ciclo de tratamento dos dados pessoais. Para que entendam melhor quais informa\u00e7\u00f5es tratamos, detalhamos a seguir o nosso Aviso de Privacidade. Que tipo de informa\u00e7\u00f5es pessoais e com qual finalidade coletamos e as utilizamos? [&hellip;]","og_url":"https:\/\/resolveinfo.com.br\/?page_id=3","og_site_name":"Resolve Inform\u00e1tica","article_modified_time":"2025-07-08T10:51:11+00:00","og_image":[{"width":1600,"height":800,"url":"https:\/\/resolveinfo.com.br\/wp-content\/uploads\/2025\/12\/Resolve_Linkedin_Cover-1200x600-1.png","type":"image\/png"}],"twitter_card":"summary_large_image","twitter_misc":{"Est. tempo de leitura":"2 minutos"},"schema":{"@context":"https:\/\/schema.org","@graph":[{"@type":"WebPage","@id":"https:\/\/resolveinfo.com.br\/?page_id=3","url":"https:\/\/resolveinfo.com.br\/?page_id=3","name":"AVISO DE PRIVACIDADE DA RESOLVE - Resolve Inform\u00e1tica","isPartOf":{"@id":"https:\/\/resolveinfo.com.br\/#website"},"datePublished":"2025-04-14T21:00:12+00:00","dateModified":"2025-07-08T10:51:11+00:00","breadcrumb":{"@id":"https:\/\/resolveinfo.com.br\/?page_id=3#breadcrumb"},"inLanguage":"pt-BR","potentialAction":[{"@type":"ReadAction","target":["https:\/\/resolveinfo.com.br\/?page_id=3"]}]},{"@type":"BreadcrumbList","@id":"https:\/\/resolveinfo.com.br\/?page_id=3#breadcrumb","itemListElement":[{"@type":"ListItem","position":1,"name":"In\u00edcio","item":"https:\/\/resolveinfo.com.br\/"},{"@type":"ListItem","position":2,"name":"AVISO DE PRIVACIDADE DA RESOLVE"}]},{"@type":"WebSite","@id":"https:\/\/resolveinfo.com.br\/#website","url":"https:\/\/resolveinfo.com.br\/","name":"Resolve Inform\u00e1tica","description":"","potentialAction":[{"@type":"SearchAction","target":{"@type":"EntryPoint","urlTemplate":"https:\/\/resolveinfo.com.br\/?s={search_term_string}"},"query-input":{"@type":"PropertyValueSpecification","valueRequired":true,"valueName":"search_term_string"}}],"inLanguage":"pt-BR"}]}},"_links":{"self":[{"href":"https:\/\/resolveinfo.com.br\/index.php?rest_route=\/wp\/v2\/pages\/3","targetHints":{"allow":["GET"]}}],"collection":[{"href":"https:\/\/resolveinfo.com.br\/index.php?rest_route=\/wp\/v2\/pages"}],"about":[{"href":"https:\/\/resolveinfo.com.br\/index.php?rest_route=\/wp\/v2\/types\/page"}],"author":[{"embeddable":true,"href":"https:\/\/resolveinfo.com.br\/index.php?rest_route=\/wp\/v2\/users\/1"}],"replies":[{"embeddable":true,"href":"https:\/\/resolveinfo.com.br\/index.php?rest_route=%2Fwp%2Fv2%2Fcomments&post=3"}],"version-history":[{"count":1,"href":"https:\/\/resolveinfo.com.br\/index.php?rest_route=\/wp\/v2\/pages\/3\/revisions"}],"predecessor-version":[{"id":1266,"href":"https:\/\/resolveinfo.com.br\/index.php?rest_route=\/wp\/v2\/pages\/3\/revisions\/1266"}],"wp:attachment":[{"href":"https:\/\/resolveinfo.com.br\/index.php?rest_route=%2Fwp%2Fv2%2Fmedia&parent=3"}],"curies":[{"name":"wp","href":"https:\/\/api.w.org\/{rel}","templated":true}]}}